{"id":96,"date":"2014-04-12T12:11:38","date_gmt":"2014-04-12T12:11:38","guid":{"rendered":"http:\/\/localhost\/?page_id=96"},"modified":"2025-10-05T20:25:52","modified_gmt":"2025-10-05T18:25:52","slug":"prijzen","status":"publish","type":"page","link":"https:\/\/www.mischamassage.nl\/de\/prijzen\/","title":{"rendered":"Preise"},"content":{"rendered":"<p><strong>60 Minuten<\/strong> \u20ac 70,-<br \/><strong>90 Minuten<\/strong> \u20ac 90,-<br \/><strong>120 Minuten<\/strong> \u20ac 110,-<\/p>\n<p><strong>3 x 60 minuten: <\/strong>\u20ac 180,-<br \/><strong>3 x 90 minuten: <\/strong>\u20ac 225,-<br \/><strong>3 x 120 minuten: <\/strong>\u20ac 280,-<\/p>\n<p><strong>Geschenkgutschein<\/strong>: Eine Massage ist ein sch\u00f6nes Geschenk! Bitte kontaktieren Sie mich f\u00fcr einen Geschenkgutschein.<\/p>\n<p><strong>Geringes Einkommen: <\/strong>Ich habe 2 Pl\u00e4tze pro Woche f\u00fcr Kunden mit einem geringen Einkommen. Ich biete 33 % Rabatt auf die 60- und 90-min\u00fctigen Massagen. Z\u00f6gere nicht, mich zu kontaktieren, wenn du diese Regelung in Anspruch nehmen m\u00f6chtest.<\/p>\n<div>\u00a0<\/div>\n<p><br clear=\"all\" \/>\u00a0<\/p>\n<p class=\"p1\">\u00a0<\/p>\n\n<div class=\"wp-block-image is-resized\">\n<figure class=\"aligncenter size-large\"><a href=\"https:\/\/www.mischamassage.nl\/wp-content\/uploads\/2014\/04\/thai-berlijn-6.jpg\"><img loading=\"lazy\" decoding=\"async\" width=\"1024\" height=\"845\" src=\"https:\/\/www.mischamassage.nl\/wp-content\/uploads\/2014\/04\/thai-berlijn-6-1024x845.jpg\" alt=\"thai massage berlin\" class=\"wp-image-200\" style=\"width:464px;height:auto\" srcset=\"https:\/\/www.mischamassage.nl\/wp-content\/uploads\/2014\/04\/thai-berlijn-6-1024x845.jpg 1024w, https:\/\/www.mischamassage.nl\/wp-content\/uploads\/2014\/04\/thai-berlijn-6-300x247.jpg 300w, https:\/\/www.mischamassage.nl\/wp-content\/uploads\/2014\/04\/thai-berlijn-6.jpg 1352w\" sizes=\"auto, (max-width: 1024px) 100vw, 1024px\" \/><\/a><\/figure>\n<\/div>\n\n\n<p><\/p>","protected":false},"excerpt":{"rendered":"<p>60 Minuten \u20ac 70,-90 Minuten \u20ac 90,-120 Minuten \u20ac 110,- 3 x 60 minuten: \u20ac 180,-3 x 90 minuten: \u20ac 225,-3 x 120 minuten: \u20ac 280,- Geschenkgutschein: Eine Massage ist ein sch\u00f6nes Geschenk! Bitte kontaktieren Sie mich f\u00fcr einen Geschenkgutschein. Geringes Einkommen: Ich habe 2 Pl\u00e4tze pro Woche f\u00fcr Kunden mit einem geringen Einkommen. Ich &hellip; <a href=\"https:\/\/www.mischamassage.nl\/de\/prijzen\/\" class=\"more-link\"><span class=\"screen-reader-text\">Preise<\/span> weiterlesen <span class=\"meta-nav\">&rarr;<\/span><\/a><\/p>\n","protected":false},"author":2,"featured_media":0,"parent":0,"menu_order":0,"comment_status":"closed","ping_status":"closed","template":"","meta":{"footnotes":""},"class_list":["post-96","page","type-page","status-publish","hentry"],"yoast_head":"<!-- This site is optimized with the Yoast SEO plugin v27.4 - https:\/\/yoast.com\/product\/yoast-seo-wordpress\/ -->\n<title><\/title>\n<meta name=\"description\" content=\"*60 minutes \u20ac70 *90 minutes \u20ac90 *120 minutes \u20ac110\" \/>\n<meta name=\"robots\" content=\"index, follow, max-snippet:-1, max-image-preview:large, max-video-preview:-1\" \/>\n<link rel=\"canonical\" href=\"https:\/\/www.mischamassage.nl\/prijzen\/\" \/>\n<meta property=\"og:locale\" content=\"de_DE\" \/>\n<meta property=\"og:type\" content=\"article\" \/>\n<meta property=\"og:title\" content=\"[:nl] Thai Massage in Amsterdam &amp; Berlin - Prijzen:[:]\" \/>\n<meta property=\"og:description\" content=\"*60 minutes \u20ac70 *90 minutes \u20ac90 *120 minutes \u20ac110\" \/>\n<meta property=\"og:url\" content=\"https:\/\/www.mischamassage.nl\/prijzen\/\" \/>\n<meta property=\"og:site_name\" content=\"Thai Massage in Amsterdam &amp; Berlin\" \/>\n<meta property=\"article:publisher\" content=\"https:\/\/www.facebook.com\/Mischa-Massage-Amsterdam-1423383434596678\/\" \/>\n<meta property=\"article:modified_time\" content=\"2025-10-05T18:25:52+00:00\" \/>\n<meta property=\"og:image\" content=\"https:\/\/www.mischamassage.nl\/wp-content\/uploads\/2014\/04\/thai-berlijn-6.jpg\" \/>\n\t<meta property=\"og:image:width\" content=\"1352\" \/>\n\t<meta property=\"og:image:height\" content=\"1116\" \/>\n\t<meta property=\"og:image:type\" content=\"image\/jpeg\" \/>\n<meta name=\"twitter:card\" content=\"summary_large_image\" \/>\n<meta name=\"twitter:label1\" content=\"Gesch\u00e4tzte Lesezeit\" \/>\n\t<meta name=\"twitter:data1\" content=\"2\u00a0Minuten\" \/>\n<script type=\"application\/ld+json\" class=\"yoast-schema-graph\">{\"@context\":\"https:\\\/\\\/schema.org\",\"@graph\":[{\"@type\":\"WebPage\",\"@id\":\"https:\\\/\\\/www.mischamassage.nl\\\/prijzen\\\/\",\"url\":\"https:\\\/\\\/www.mischamassage.nl\\\/prijzen\\\/\",\"name\":\"[:nl] Thai Massage in Amsterdam &amp; Berlin - Prijzen:[:]\",\"isPartOf\":{\"@id\":\"https:\\\/\\\/www.mischamassage.nl\\\/#website\"},\"primaryImageOfPage\":{\"@id\":\"https:\\\/\\\/www.mischamassage.nl\\\/prijzen\\\/#primaryimage\"},\"image\":{\"@id\":\"https:\\\/\\\/www.mischamassage.nl\\\/prijzen\\\/#primaryimage\"},\"thumbnailUrl\":\"https:\\\/\\\/www.mischamassage.nl\\\/wp-content\\\/uploads\\\/2014\\\/04\\\/thai-berlijn-6-300x247.jpg\",\"datePublished\":\"2014-04-12T12:11:38+00:00\",\"dateModified\":\"2025-10-05T18:25:52+00:00\",\"description\":\"*60 minutes \u20ac70 *90 minutes \u20ac90 *120 minutes \u20ac110\",\"breadcrumb\":{\"@id\":\"https:\\\/\\\/www.mischamassage.nl\\\/prijzen\\\/#breadcrumb\"},\"inLanguage\":\"de\",\"potentialAction\":[{\"@type\":\"ReadAction\",\"target\":[\"https:\\\/\\\/www.mischamassage.nl\\\/prijzen\\\/\"]}]},{\"@type\":\"ImageObject\",\"inLanguage\":\"de\",\"@id\":\"https:\\\/\\\/www.mischamassage.nl\\\/prijzen\\\/#primaryimage\",\"url\":\"https:\\\/\\\/www.mischamassage.nl\\\/wp-content\\\/uploads\\\/2014\\\/04\\\/thai-berlijn-6-300x247.jpg\",\"contentUrl\":\"https:\\\/\\\/www.mischamassage.nl\\\/wp-content\\\/uploads\\\/2014\\\/04\\\/thai-berlijn-6-300x247.jpg\"},{\"@type\":\"BreadcrumbList\",\"@id\":\"https:\\\/\\\/www.mischamassage.nl\\\/prijzen\\\/#breadcrumb\",\"itemListElement\":[{\"@type\":\"ListItem\",\"position\":1,\"name\":\"Home\",\"item\":\"https:\\\/\\\/www.mischamassage.nl\\\/\"},{\"@type\":\"ListItem\",\"position\":2,\"name\":\"[:nl]Prijzen[:en]Prices[:de]Preise[:]\"}]},{\"@type\":\"WebSite\",\"@id\":\"https:\\\/\\\/www.mischamassage.nl\\\/#website\",\"url\":\"https:\\\/\\\/www.mischamassage.nl\\\/\",\"name\":\"Thai Massage in Amsterdam &amp; Berlin\",\"description\":\"Mischa van Dullemen\",\"publisher\":{\"@id\":\"https:\\\/\\\/www.mischamassage.nl\\\/#organization\"},\"potentialAction\":[{\"@type\":\"SearchAction\",\"target\":{\"@type\":\"EntryPoint\",\"urlTemplate\":\"https:\\\/\\\/www.mischamassage.nl\\\/?s={search_term_string}\"},\"query-input\":{\"@type\":\"PropertyValueSpecification\",\"valueRequired\":true,\"valueName\":\"search_term_string\"}}],\"inLanguage\":\"de\"},{\"@type\":\"Organization\",\"@id\":\"https:\\\/\\\/www.mischamassage.nl\\\/#organization\",\"name\":\"www.thaisemassageamsterdam.nu\",\"url\":\"https:\\\/\\\/www.mischamassage.nl\\\/\",\"logo\":{\"@type\":\"ImageObject\",\"inLanguage\":\"de\",\"@id\":\"https:\\\/\\\/www.mischamassage.nl\\\/#\\\/schema\\\/logo\\\/image\\\/\",\"url\":\"https:\\\/\\\/www.mischamassage.nl\\\/wp-content\\\/uploads\\\/2014\\\/04\\\/om-waters.jpg\",\"contentUrl\":\"https:\\\/\\\/www.mischamassage.nl\\\/wp-content\\\/uploads\\\/2014\\\/04\\\/om-waters.jpg\",\"width\":960,\"height\":639,\"caption\":\"www.thaisemassageamsterdam.nu\"},\"image\":{\"@id\":\"https:\\\/\\\/www.mischamassage.nl\\\/#\\\/schema\\\/logo\\\/image\\\/\"},\"sameAs\":[\"https:\\\/\\\/www.facebook.com\\\/Mischa-Massage-Amsterdam-1423383434596678\\\/\"]}]}<\/script>\n<!-- \/ Yoast SEO plugin. -->","yoast_head_json":{"title":"[:nl] Thai Massage in Amsterdam &amp; Berlin - Prijzen:[:]","description":"*60 minutes \u20ac70 *90 minutes \u20ac90 *120 minutes \u20ac110","robots":{"index":"index","follow":"follow","max-snippet":"max-snippet:-1","max-image-preview":"max-image-preview:large","max-video-preview":"max-video-preview:-1"},"canonical":"https:\/\/www.mischamassage.nl\/prijzen\/","og_locale":"de_DE","og_type":"article","og_title":"[:nl] Thai Massage in Amsterdam &amp; Berlin - Prijzen:[:]","og_description":"*60 minutes \u20ac70 *90 minutes \u20ac90 *120 minutes \u20ac110","og_url":"https:\/\/www.mischamassage.nl\/prijzen\/","og_site_name":"Thai Massage in Amsterdam &amp; Berlin","article_publisher":"https:\/\/www.facebook.com\/Mischa-Massage-Amsterdam-1423383434596678\/","article_modified_time":"2025-10-05T18:25:52+00:00","og_image":[{"width":1352,"height":1116,"url":"https:\/\/www.mischamassage.nl\/wp-content\/uploads\/2014\/04\/thai-berlijn-6.jpg","type":"image\/jpeg"}],"twitter_card":"summary_large_image","twitter_misc":{"Gesch\u00e4tzte Lesezeit":"2\u00a0Minuten"},"schema":{"@context":"https:\/\/schema.org","@graph":[{"@type":"WebPage","@id":"https:\/\/www.mischamassage.nl\/prijzen\/","url":"https:\/\/www.mischamassage.nl\/prijzen\/","name":"[:nl] Thai Massage in Amsterdam &amp; Berlin - Prijzen:[:]","isPartOf":{"@id":"https:\/\/www.mischamassage.nl\/#website"},"primaryImageOfPage":{"@id":"https:\/\/www.mischamassage.nl\/prijzen\/#primaryimage"},"image":{"@id":"https:\/\/www.mischamassage.nl\/prijzen\/#primaryimage"},"thumbnailUrl":"https:\/\/www.mischamassage.nl\/wp-content\/uploads\/2014\/04\/thai-berlijn-6-300x247.jpg","datePublished":"2014-04-12T12:11:38+00:00","dateModified":"2025-10-05T18:25:52+00:00","description":"*60 minutes \u20ac70 *90 minutes \u20ac90 *120 minutes \u20ac110","breadcrumb":{"@id":"https:\/\/www.mischamassage.nl\/prijzen\/#breadcrumb"},"inLanguage":"de","potentialAction":[{"@type":"ReadAction","target":["https:\/\/www.mischamassage.nl\/prijzen\/"]}]},{"@type":"ImageObject","inLanguage":"de","@id":"https:\/\/www.mischamassage.nl\/prijzen\/#primaryimage","url":"https:\/\/www.mischamassage.nl\/wp-content\/uploads\/2014\/04\/thai-berlijn-6-300x247.jpg","contentUrl":"https:\/\/www.mischamassage.nl\/wp-content\/uploads\/2014\/04\/thai-berlijn-6-300x247.jpg"},{"@type":"BreadcrumbList","@id":"https:\/\/www.mischamassage.nl\/prijzen\/#breadcrumb","itemListElement":[{"@type":"ListItem","position":1,"name":"Home","item":"https:\/\/www.mischamassage.nl\/"},{"@type":"ListItem","position":2,"name":"[:nl]Prijzen[:en]Prices[:de]Preise[:]"}]},{"@type":"WebSite","@id":"https:\/\/www.mischamassage.nl\/#website","url":"https:\/\/www.mischamassage.nl\/","name":"Thai Massage in Amsterdam &amp; Berlin","description":"Mischa van Dullemen","publisher":{"@id":"https:\/\/www.mischamassage.nl\/#organization"},"potentialAction":[{"@type":"SearchAction","target":{"@type":"EntryPoint","urlTemplate":"https:\/\/www.mischamassage.nl\/?s={search_term_string}"},"query-input":{"@type":"PropertyValueSpecification","valueRequired":true,"valueName":"search_term_string"}}],"inLanguage":"de"},{"@type":"Organization","@id":"https:\/\/www.mischamassage.nl\/#organization","name":"www.thaisemassageamsterdam.nu","url":"https:\/\/www.mischamassage.nl\/","logo":{"@type":"ImageObject","inLanguage":"de","@id":"https:\/\/www.mischamassage.nl\/#\/schema\/logo\/image\/","url":"https:\/\/www.mischamassage.nl\/wp-content\/uploads\/2014\/04\/om-waters.jpg","contentUrl":"https:\/\/www.mischamassage.nl\/wp-content\/uploads\/2014\/04\/om-waters.jpg","width":960,"height":639,"caption":"www.thaisemassageamsterdam.nu"},"image":{"@id":"https:\/\/www.mischamassage.nl\/#\/schema\/logo\/image\/"},"sameAs":["https:\/\/www.facebook.com\/Mischa-Massage-Amsterdam-1423383434596678\/"]}]}},"_links":{"self":[{"href":"https:\/\/www.mischamassage.nl\/de\/wp-json\/wp\/v2\/pages\/96","targetHints":{"allow":["GET"]}}],"collection":[{"href":"https:\/\/www.mischamassage.nl\/de\/wp-json\/wp\/v2\/pages"}],"about":[{"href":"https:\/\/www.mischamassage.nl\/de\/wp-json\/wp\/v2\/types\/page"}],"author":[{"embeddable":true,"href":"https:\/\/www.mischamassage.nl\/de\/wp-json\/wp\/v2\/users\/2"}],"replies":[{"embeddable":true,"href":"https:\/\/www.mischamassage.nl\/de\/wp-json\/wp\/v2\/comments?post=96"}],"version-history":[{"count":110,"href":"https:\/\/www.mischamassage.nl\/de\/wp-json\/wp\/v2\/pages\/96\/revisions"}],"predecessor-version":[{"id":2286,"href":"https:\/\/www.mischamassage.nl\/de\/wp-json\/wp\/v2\/pages\/96\/revisions\/2286"}],"wp:attachment":[{"href":"https:\/\/www.mischamassage.nl\/de\/wp-json\/wp\/v2\/media?parent=96"}],"curies":[{"name":"wp","href":"https:\/\/api.w.org\/{rel}","templated":true}]}}