{"id":88,"date":"2014-04-12T12:10:14","date_gmt":"2014-04-12T12:10:14","guid":{"rendered":"http:\/\/localhost\/?page_id=88"},"modified":"2025-07-11T23:34:12","modified_gmt":"2025-07-11T21:34:12","slug":"mischa-massage","status":"publish","type":"page","link":"https:\/\/www.mischamassage.nl\/de\/mischa-massage\/","title":{"rendered":"Mischa"},"content":{"rendered":"<p>Vom 18. bis 38. Lebensjahr war ich T\u00e4nzer in verschiedenen Kompanien, mit denen ich im In- und Ausland auftrat. Nach meiner Tanzkarriere wurde ich Yogalehrer und begann zu massieren.<\/p>\n<p>Im Jahr 2007 entdeckte ich die Thai Yoga Massage und war sofort begeistert. Nach der Ausbildung in den Niederlanden ging ich f\u00fcr ein paar Monate nach Thailand, um ganz in die Kunst der Thai Massage einzutauchen. Und noch immer reise ich regelm\u00e4\u00dfig nach Chiang Mai in Thailand, um an Schulungen mit Lehrern von <a href=\"https:\/\/www.asokananda.com\/\" target=\"_blank\" rel=\"noopener\">Asokanandas<\/a> Sunshine-Netzwerk teilzunehmen.<\/p>\n\n<div class=\"wp-block-image\">\n<figure class=\"aligncenter size-large\"><a href=\"https:\/\/www.mischamassage.nl\/wp-content\/uploads\/2023\/05\/2-Portret7-Mischa-Sunshinehouse.jpg\"><img loading=\"lazy\" decoding=\"async\" width=\"1024\" height=\"683\" src=\"https:\/\/www.mischamassage.nl\/wp-content\/uploads\/2023\/05\/2-Portret7-Mischa-Sunshinehouse-1024x683.jpg\" alt=\"\" class=\"wp-image-1915\" srcset=\"https:\/\/www.mischamassage.nl\/wp-content\/uploads\/2023\/05\/2-Portret7-Mischa-Sunshinehouse-1024x683.jpg 1024w, https:\/\/www.mischamassage.nl\/wp-content\/uploads\/2023\/05\/2-Portret7-Mischa-Sunshinehouse-300x200.jpg 300w, https:\/\/www.mischamassage.nl\/wp-content\/uploads\/2023\/05\/2-Portret7-Mischa-Sunshinehouse-768x512.jpg 768w, https:\/\/www.mischamassage.nl\/wp-content\/uploads\/2023\/05\/2-Portret7-Mischa-Sunshinehouse-1536x1024.jpg 1536w, https:\/\/www.mischamassage.nl\/wp-content\/uploads\/2023\/05\/2-Portret7-Mischa-Sunshinehouse-2048x1366.jpg 2048w\" sizes=\"auto, (max-width: 1024px) 100vw, 1024px\" \/><\/a><\/figure>\n<\/div>\n\n\n<p><\/p>","protected":false},"excerpt":{"rendered":"<p>Vom 18. bis 38. Lebensjahr war ich T\u00e4nzer in verschiedenen Kompanien, mit denen ich im In- und Ausland auftrat. Nach meiner Tanzkarriere wurde ich Yogalehrer und begann zu massieren. Im Jahr 2007 entdeckte ich die Thai Yoga Massage und war sofort begeistert. Nach der Ausbildung in den Niederlanden ging ich f\u00fcr ein paar Monate nach &hellip; <a href=\"https:\/\/www.mischamassage.nl\/de\/mischa-massage\/\" class=\"more-link\"><span class=\"screen-reader-text\">Mischa<\/span> weiterlesen <span class=\"meta-nav\">&rarr;<\/span><\/a><\/p>\n","protected":false},"author":2,"featured_media":0,"parent":0,"menu_order":0,"comment_status":"closed","ping_status":"closed","template":"","meta":{"footnotes":""},"class_list":["post-88","page","type-page","status-publish","hentry"],"yoast_head":"<!-- This site is optimized with the Yoast SEO plugin v27.4 - https:\/\/yoast.com\/product\/yoast-seo-wordpress\/ -->\n<title>Mischa - Thai Massage in Amsterdam &amp; Berlin<\/title>\n<meta name=\"description\" content=\"Na jarenlang danser en yogaleraar geweest te zijn, ontdekte ik in 2007 Thaise Yoga massage.\" \/>\n<meta name=\"robots\" content=\"index, follow, max-snippet:-1, max-image-preview:large, max-video-preview:-1\" \/>\n<link rel=\"canonical\" href=\"https:\/\/www.mischamassage.nl\/mischa-massage\/\" \/>\n<meta property=\"og:locale\" content=\"de_DE\" \/>\n<meta property=\"og:type\" content=\"article\" \/>\n<meta property=\"og:title\" content=\"Mischa - Thai Massage in Amsterdam &amp; Berlin\" \/>\n<meta property=\"og:description\" content=\"Na jarenlang danser en yogaleraar geweest te zijn, ontdekte ik in 2007 Thaise Yoga massage.\" \/>\n<meta property=\"og:url\" content=\"https:\/\/www.mischamassage.nl\/mischa-massage\/\" \/>\n<meta property=\"og:site_name\" content=\"Thai Massage in Amsterdam &amp; Berlin\" \/>\n<meta property=\"article:publisher\" content=\"https:\/\/www.facebook.com\/Mischa-Massage-Amsterdam-1423383434596678\/\" \/>\n<meta property=\"article:modified_time\" content=\"2025-07-11T21:34:12+00:00\" \/>\n<meta property=\"og:image\" content=\"https:\/\/www.mischamassage.nl\/wp-content\/uploads\/2023\/05\/Schermafbeelding-2023-05-24-om-12.31.55.png\" \/>\n\t<meta property=\"og:image:width\" content=\"352\" \/>\n\t<meta property=\"og:image:height\" content=\"529\" \/>\n\t<meta property=\"og:image:type\" content=\"image\/png\" \/>\n<meta name=\"twitter:card\" content=\"summary_large_image\" \/>\n<meta name=\"twitter:label1\" content=\"Gesch\u00e4tzte Lesezeit\" \/>\n\t<meta name=\"twitter:data1\" content=\"2\u00a0Minuten\" \/>\n<script type=\"application\/ld+json\" class=\"yoast-schema-graph\">{\"@context\":\"https:\\\/\\\/schema.org\",\"@graph\":[{\"@type\":\"WebPage\",\"@id\":\"https:\\\/\\\/www.mischamassage.nl\\\/mischa-massage\\\/\",\"url\":\"https:\\\/\\\/www.mischamassage.nl\\\/mischa-massage\\\/\",\"name\":\"Mischa - Thai Massage in Amsterdam &amp; Berlin\",\"isPartOf\":{\"@id\":\"https:\\\/\\\/www.mischamassage.nl\\\/#website\"},\"primaryImageOfPage\":{\"@id\":\"https:\\\/\\\/www.mischamassage.nl\\\/mischa-massage\\\/#primaryimage\"},\"image\":{\"@id\":\"https:\\\/\\\/www.mischamassage.nl\\\/mischa-massage\\\/#primaryimage\"},\"thumbnailUrl\":\"https:\\\/\\\/www.mischamassage.nl\\\/wp-content\\\/uploads\\\/2023\\\/05\\\/Schermafbeelding-2023-05-24-om-12.31.55-200x300.png\",\"datePublished\":\"2014-04-12T12:10:14+00:00\",\"dateModified\":\"2025-07-11T21:34:12+00:00\",\"description\":\"Na jarenlang danser en yogaleraar geweest te zijn, ontdekte ik in 2007 Thaise Yoga massage.\",\"breadcrumb\":{\"@id\":\"https:\\\/\\\/www.mischamassage.nl\\\/mischa-massage\\\/#breadcrumb\"},\"inLanguage\":\"de\",\"potentialAction\":[{\"@type\":\"ReadAction\",\"target\":[\"https:\\\/\\\/www.mischamassage.nl\\\/mischa-massage\\\/\"]}]},{\"@type\":\"ImageObject\",\"inLanguage\":\"de\",\"@id\":\"https:\\\/\\\/www.mischamassage.nl\\\/mischa-massage\\\/#primaryimage\",\"url\":\"https:\\\/\\\/www.mischamassage.nl\\\/wp-content\\\/uploads\\\/2023\\\/05\\\/Schermafbeelding-2023-05-24-om-12.31.55-200x300.png\",\"contentUrl\":\"https:\\\/\\\/www.mischamassage.nl\\\/wp-content\\\/uploads\\\/2023\\\/05\\\/Schermafbeelding-2023-05-24-om-12.31.55-200x300.png\"},{\"@type\":\"BreadcrumbList\",\"@id\":\"https:\\\/\\\/www.mischamassage.nl\\\/mischa-massage\\\/#breadcrumb\",\"itemListElement\":[{\"@type\":\"ListItem\",\"position\":1,\"name\":\"Home\",\"item\":\"https:\\\/\\\/www.mischamassage.nl\\\/\"},{\"@type\":\"ListItem\",\"position\":2,\"name\":\"Mischa\"}]},{\"@type\":\"WebSite\",\"@id\":\"https:\\\/\\\/www.mischamassage.nl\\\/#website\",\"url\":\"https:\\\/\\\/www.mischamassage.nl\\\/\",\"name\":\"Thai Massage in Amsterdam &amp; Berlin\",\"description\":\"Mischa van Dullemen\",\"publisher\":{\"@id\":\"https:\\\/\\\/www.mischamassage.nl\\\/#organization\"},\"potentialAction\":[{\"@type\":\"SearchAction\",\"target\":{\"@type\":\"EntryPoint\",\"urlTemplate\":\"https:\\\/\\\/www.mischamassage.nl\\\/?s={search_term_string}\"},\"query-input\":{\"@type\":\"PropertyValueSpecification\",\"valueRequired\":true,\"valueName\":\"search_term_string\"}}],\"inLanguage\":\"de\"},{\"@type\":\"Organization\",\"@id\":\"https:\\\/\\\/www.mischamassage.nl\\\/#organization\",\"name\":\"www.thaisemassageamsterdam.nu\",\"url\":\"https:\\\/\\\/www.mischamassage.nl\\\/\",\"logo\":{\"@type\":\"ImageObject\",\"inLanguage\":\"de\",\"@id\":\"https:\\\/\\\/www.mischamassage.nl\\\/#\\\/schema\\\/logo\\\/image\\\/\",\"url\":\"https:\\\/\\\/www.mischamassage.nl\\\/wp-content\\\/uploads\\\/2014\\\/04\\\/om-waters.jpg\",\"contentUrl\":\"https:\\\/\\\/www.mischamassage.nl\\\/wp-content\\\/uploads\\\/2014\\\/04\\\/om-waters.jpg\",\"width\":960,\"height\":639,\"caption\":\"www.thaisemassageamsterdam.nu\"},\"image\":{\"@id\":\"https:\\\/\\\/www.mischamassage.nl\\\/#\\\/schema\\\/logo\\\/image\\\/\"},\"sameAs\":[\"https:\\\/\\\/www.facebook.com\\\/Mischa-Massage-Amsterdam-1423383434596678\\\/\"]}]}<\/script>\n<!-- \/ Yoast SEO plugin. -->","yoast_head_json":{"title":"Mischa - Thai Massage in Amsterdam &amp; Berlin","description":"Na jarenlang danser en yogaleraar geweest te zijn, ontdekte ik in 2007 Thaise Yoga massage.","robots":{"index":"index","follow":"follow","max-snippet":"max-snippet:-1","max-image-preview":"max-image-preview:large","max-video-preview":"max-video-preview:-1"},"canonical":"https:\/\/www.mischamassage.nl\/mischa-massage\/","og_locale":"de_DE","og_type":"article","og_title":"Mischa - Thai Massage in Amsterdam &amp; Berlin","og_description":"Na jarenlang danser en yogaleraar geweest te zijn, ontdekte ik in 2007 Thaise Yoga massage.","og_url":"https:\/\/www.mischamassage.nl\/mischa-massage\/","og_site_name":"Thai Massage in Amsterdam &amp; Berlin","article_publisher":"https:\/\/www.facebook.com\/Mischa-Massage-Amsterdam-1423383434596678\/","article_modified_time":"2025-07-11T21:34:12+00:00","og_image":[{"width":352,"height":529,"url":"https:\/\/www.mischamassage.nl\/wp-content\/uploads\/2023\/05\/Schermafbeelding-2023-05-24-om-12.31.55.png","type":"image\/png"}],"twitter_card":"summary_large_image","twitter_misc":{"Gesch\u00e4tzte Lesezeit":"2\u00a0Minuten"},"schema":{"@context":"https:\/\/schema.org","@graph":[{"@type":"WebPage","@id":"https:\/\/www.mischamassage.nl\/mischa-massage\/","url":"https:\/\/www.mischamassage.nl\/mischa-massage\/","name":"Mischa - Thai Massage in Amsterdam &amp; Berlin","isPartOf":{"@id":"https:\/\/www.mischamassage.nl\/#website"},"primaryImageOfPage":{"@id":"https:\/\/www.mischamassage.nl\/mischa-massage\/#primaryimage"},"image":{"@id":"https:\/\/www.mischamassage.nl\/mischa-massage\/#primaryimage"},"thumbnailUrl":"https:\/\/www.mischamassage.nl\/wp-content\/uploads\/2023\/05\/Schermafbeelding-2023-05-24-om-12.31.55-200x300.png","datePublished":"2014-04-12T12:10:14+00:00","dateModified":"2025-07-11T21:34:12+00:00","description":"Na jarenlang danser en yogaleraar geweest te zijn, ontdekte ik in 2007 Thaise Yoga massage.","breadcrumb":{"@id":"https:\/\/www.mischamassage.nl\/mischa-massage\/#breadcrumb"},"inLanguage":"de","potentialAction":[{"@type":"ReadAction","target":["https:\/\/www.mischamassage.nl\/mischa-massage\/"]}]},{"@type":"ImageObject","inLanguage":"de","@id":"https:\/\/www.mischamassage.nl\/mischa-massage\/#primaryimage","url":"https:\/\/www.mischamassage.nl\/wp-content\/uploads\/2023\/05\/Schermafbeelding-2023-05-24-om-12.31.55-200x300.png","contentUrl":"https:\/\/www.mischamassage.nl\/wp-content\/uploads\/2023\/05\/Schermafbeelding-2023-05-24-om-12.31.55-200x300.png"},{"@type":"BreadcrumbList","@id":"https:\/\/www.mischamassage.nl\/mischa-massage\/#breadcrumb","itemListElement":[{"@type":"ListItem","position":1,"name":"Home","item":"https:\/\/www.mischamassage.nl\/"},{"@type":"ListItem","position":2,"name":"Mischa"}]},{"@type":"WebSite","@id":"https:\/\/www.mischamassage.nl\/#website","url":"https:\/\/www.mischamassage.nl\/","name":"Thai Massage in Amsterdam &amp; Berlin","description":"Mischa van Dullemen","publisher":{"@id":"https:\/\/www.mischamassage.nl\/#organization"},"potentialAction":[{"@type":"SearchAction","target":{"@type":"EntryPoint","urlTemplate":"https:\/\/www.mischamassage.nl\/?s={search_term_string}"},"query-input":{"@type":"PropertyValueSpecification","valueRequired":true,"valueName":"search_term_string"}}],"inLanguage":"de"},{"@type":"Organization","@id":"https:\/\/www.mischamassage.nl\/#organization","name":"www.thaisemassageamsterdam.nu","url":"https:\/\/www.mischamassage.nl\/","logo":{"@type":"ImageObject","inLanguage":"de","@id":"https:\/\/www.mischamassage.nl\/#\/schema\/logo\/image\/","url":"https:\/\/www.mischamassage.nl\/wp-content\/uploads\/2014\/04\/om-waters.jpg","contentUrl":"https:\/\/www.mischamassage.nl\/wp-content\/uploads\/2014\/04\/om-waters.jpg","width":960,"height":639,"caption":"www.thaisemassageamsterdam.nu"},"image":{"@id":"https:\/\/www.mischamassage.nl\/#\/schema\/logo\/image\/"},"sameAs":["https:\/\/www.facebook.com\/Mischa-Massage-Amsterdam-1423383434596678\/"]}]}},"_links":{"self":[{"href":"https:\/\/www.mischamassage.nl\/de\/wp-json\/wp\/v2\/pages\/88","targetHints":{"allow":["GET"]}}],"collection":[{"href":"https:\/\/www.mischamassage.nl\/de\/wp-json\/wp\/v2\/pages"}],"about":[{"href":"https:\/\/www.mischamassage.nl\/de\/wp-json\/wp\/v2\/types\/page"}],"author":[{"embeddable":true,"href":"https:\/\/www.mischamassage.nl\/de\/wp-json\/wp\/v2\/users\/2"}],"replies":[{"embeddable":true,"href":"https:\/\/www.mischamassage.nl\/de\/wp-json\/wp\/v2\/comments?post=88"}],"version-history":[{"count":81,"href":"https:\/\/www.mischamassage.nl\/de\/wp-json\/wp\/v2\/pages\/88\/revisions"}],"predecessor-version":[{"id":2191,"href":"https:\/\/www.mischamassage.nl\/de\/wp-json\/wp\/v2\/pages\/88\/revisions\/2191"}],"wp:attachment":[{"href":"https:\/\/www.mischamassage.nl\/de\/wp-json\/wp\/v2\/media?parent=88"}],"curies":[{"name":"wp","href":"https:\/\/api.w.org\/{rel}","templated":true}]}}