{"id":2209,"date":"2024-11-19T23:11:53","date_gmt":"2024-11-19T22:11:53","guid":{"rendered":"https:\/\/www.mischamassage.nl\/?page_id=2209"},"modified":"2025-07-11T23:30:53","modified_gmt":"2025-07-11T21:30:53","slug":"yin-massage","status":"publish","type":"page","link":"https:\/\/www.mischamassage.nl\/de\/yin-massage\/","title":{"rendered":"Yin-massage"},"content":{"rendered":"<p>Neben der traditionellen Thai-Massage biete ich auch die Yin-Massage an.&nbsp;<\/p>\n\n\n\n<p>Die Yin-Massage ist eine sehr sanfte, langsame und tief entspannende Massage. Sie findet wie die Thai-Massage in bequemer Kleidung auf einer Matte  statt. Bei dieser Massage gibt es keine schnellen Bewegungen, kaum Druck auf die Muskeln und kein Kneten wie bei der normalen Thai-Massage. Stattdessen bringe ich dich in sanfte Dehnungen, in denen wir l\u00e4nger bleiben, um deinem Gewebe Zeit zu geben, sich langsam zu entspannen und zu entfalten.<\/p>\n\n\n\n<p>Die Yin-Massage konzentriert sich auf die Dehnung des Bindegewebes, auch Faszien genannt. Dieses Gewebe durchzieht den ganzen K\u00f6rper, wie ein dreidimensionales Spinnennetz. Es wickelt sich um alle Muskeln, Knochen und Organe, durchzieht sie, h\u00e4lt sie an ihrem Platz und trennt sie voneinander.&nbsp;<\/p>\n\n\n\n<p>Faszien k\u00f6nnen verkleben, austrocknen und steif werden und so die Bewegung und den Energiefluss einschr\u00e4nken. Eine Fasziendysfunktion kann zu akuten und chronischen Symptomen f\u00fchren, und in der aktuellen R\u00fcckenschmerzforschung gewinnen die Faszien zunehmend an Bedeutung.&nbsp;<\/p>\n\n\n\n<p>Faszien sind ein v\u00f6llig anderes Gewebe als Muskeln. Muskeln sind dazu da, den K\u00f6rper zu bewegen, und ihr Fasern lassen sich leicht und schnell verl\u00e4ngern und verk\u00fcrzen. Faszien hingegen sind dazu da, Dinge an ihrem Platz zu halten. Sie sind daher also viel z\u00e4her und brauchen Zeit, um auf Dehnung und Manipulation zu reagieren. Deshalb erfordern sie einen anderen Ansatz bei der Massage.<\/p>\n\n\n\n<p>F\u00fcr diejenigen, die mit Yoga vertraut sind, sind die Prinzipien dieser Massage die gleichen wie die des Yin Yoga. Dieser Massagestil basiert auf der Arbeit des franz\u00f6sischen Osteopathen <a href=\"https:\/\/www.instagram.com\/rolandcombes\/\" target=\"_blank\" rel=\"noreferrer noopener\">Roland Combes<\/a>, bei dem ich mehrere Schulungen absolviert habe. Er hat eine Behandlungsmethode namens Osteodance (oder <a href=\"https:\/\/wuotai.com\/\" target=\"_blank\" rel=\"noreferrer noopener\">Wuo Ta\u00ef<\/a>) entwickelt, die sehr gut mit der Thai-Massage vereinbar ist.\u00a0<\/p>","protected":false},"excerpt":{"rendered":"<p>Neben der traditionellen Thai-Massage biete ich auch die Yin-Massage an.&nbsp; Die Yin-Massage ist eine sehr sanfte, langsame und tief entspannende Massage. Sie findet wie die Thai-Massage in bequemer Kleidung auf einer Matte statt. Bei dieser Massage gibt es keine schnellen Bewegungen, kaum Druck auf die Muskeln und kein Kneten wie bei der normalen Thai-Massage. Stattdessen &hellip; <a href=\"https:\/\/www.mischamassage.nl\/de\/yin-massage\/\" class=\"more-link\"><span class=\"screen-reader-text\">Yin-massage<\/span> weiterlesen <span class=\"meta-nav\">&rarr;<\/span><\/a><\/p>\n","protected":false},"author":2,"featured_media":0,"parent":0,"menu_order":0,"comment_status":"closed","ping_status":"closed","template":"","meta":{"footnotes":""},"class_list":["post-2209","page","type-page","status-publish","hentry"],"yoast_head":"<!-- This site is optimized with the Yoast SEO plugin v27.4 - https:\/\/yoast.com\/product\/yoast-seo-wordpress\/ -->\n<title>Yin-massage - Thai Massage in Amsterdam &amp; Berlin<\/title>\n<meta name=\"description\" content=\"Yin Massage is a deeply relaxing massage of your connective tissue. It takes place on a mat, while wearing clothes that allow you to move comfortably.\" \/>\n<meta name=\"robots\" content=\"index, follow, max-snippet:-1, max-image-preview:large, max-video-preview:-1\" \/>\n<link rel=\"canonical\" href=\"https:\/\/www.mischamassage.nl\/yin-massage\/\" \/>\n<meta property=\"og:locale\" content=\"de_DE\" \/>\n<meta property=\"og:type\" content=\"article\" \/>\n<meta property=\"og:title\" content=\"[:nl]Yin - Massage[:en]Yin Massage[:de]Yin-massage[:] - Thai Massage in Amsterdam &amp; Berlin\" \/>\n<meta property=\"og:description\" content=\"Yin Massage is a deeply relaxing massage of your connective tissue. It takes place on a mat, while wearing clothes that allow you to move comfortably.\" \/>\n<meta property=\"og:url\" content=\"https:\/\/www.mischamassage.nl\/yin-massage\/\" \/>\n<meta property=\"og:site_name\" content=\"Thai Massage in Amsterdam &amp; Berlin\" \/>\n<meta property=\"article:publisher\" content=\"https:\/\/www.facebook.com\/Mischa-Massage-Amsterdam-1423383434596678\/\" \/>\n<meta property=\"article:modified_time\" content=\"2025-07-11T21:30:53+00:00\" \/>\n<meta name=\"twitter:card\" content=\"summary_large_image\" \/>\n<meta name=\"twitter:label1\" content=\"Gesch\u00e4tzte Lesezeit\" \/>\n\t<meta name=\"twitter:data1\" content=\"5\u00a0Minuten\" \/>\n<script type=\"application\/ld+json\" class=\"yoast-schema-graph\">{\"@context\":\"https:\\\/\\\/schema.org\",\"@graph\":[{\"@type\":\"WebPage\",\"@id\":\"https:\\\/\\\/www.mischamassage.nl\\\/yin-massage\\\/\",\"url\":\"https:\\\/\\\/www.mischamassage.nl\\\/yin-massage\\\/\",\"name\":\"[:nl]Yin - Massage[:en]Yin Massage[:de]Yin-massage[:] - Thai Massage in Amsterdam &amp; Berlin\",\"isPartOf\":{\"@id\":\"https:\\\/\\\/www.mischamassage.nl\\\/#website\"},\"datePublished\":\"2024-11-19T22:11:53+00:00\",\"dateModified\":\"2025-07-11T21:30:53+00:00\",\"description\":\"Yin Massage is a deeply relaxing massage of your connective tissue. It takes place on a mat, while wearing clothes that allow you to move comfortably.\",\"breadcrumb\":{\"@id\":\"https:\\\/\\\/www.mischamassage.nl\\\/yin-massage\\\/#breadcrumb\"},\"inLanguage\":\"de\",\"potentialAction\":[{\"@type\":\"ReadAction\",\"target\":[\"https:\\\/\\\/www.mischamassage.nl\\\/yin-massage\\\/\"]}]},{\"@type\":\"BreadcrumbList\",\"@id\":\"https:\\\/\\\/www.mischamassage.nl\\\/yin-massage\\\/#breadcrumb\",\"itemListElement\":[{\"@type\":\"ListItem\",\"position\":1,\"name\":\"Home\",\"item\":\"https:\\\/\\\/www.mischamassage.nl\\\/\"},{\"@type\":\"ListItem\",\"position\":2,\"name\":\"[:nl]Yin &#8211; Massage[:en]Yin Massage[:de]Yin-massage[:]\"}]},{\"@type\":\"WebSite\",\"@id\":\"https:\\\/\\\/www.mischamassage.nl\\\/#website\",\"url\":\"https:\\\/\\\/www.mischamassage.nl\\\/\",\"name\":\"Thai Massage in Amsterdam &amp; Berlin\",\"description\":\"Mischa van Dullemen\",\"publisher\":{\"@id\":\"https:\\\/\\\/www.mischamassage.nl\\\/#organization\"},\"potentialAction\":[{\"@type\":\"SearchAction\",\"target\":{\"@type\":\"EntryPoint\",\"urlTemplate\":\"https:\\\/\\\/www.mischamassage.nl\\\/?s={search_term_string}\"},\"query-input\":{\"@type\":\"PropertyValueSpecification\",\"valueRequired\":true,\"valueName\":\"search_term_string\"}}],\"inLanguage\":\"de\"},{\"@type\":\"Organization\",\"@id\":\"https:\\\/\\\/www.mischamassage.nl\\\/#organization\",\"name\":\"www.thaisemassageamsterdam.nu\",\"url\":\"https:\\\/\\\/www.mischamassage.nl\\\/\",\"logo\":{\"@type\":\"ImageObject\",\"inLanguage\":\"de\",\"@id\":\"https:\\\/\\\/www.mischamassage.nl\\\/#\\\/schema\\\/logo\\\/image\\\/\",\"url\":\"https:\\\/\\\/www.mischamassage.nl\\\/wp-content\\\/uploads\\\/2014\\\/04\\\/om-waters.jpg\",\"contentUrl\":\"https:\\\/\\\/www.mischamassage.nl\\\/wp-content\\\/uploads\\\/2014\\\/04\\\/om-waters.jpg\",\"width\":960,\"height\":639,\"caption\":\"www.thaisemassageamsterdam.nu\"},\"image\":{\"@id\":\"https:\\\/\\\/www.mischamassage.nl\\\/#\\\/schema\\\/logo\\\/image\\\/\"},\"sameAs\":[\"https:\\\/\\\/www.facebook.com\\\/Mischa-Massage-Amsterdam-1423383434596678\\\/\"]}]}<\/script>\n<!-- \/ Yoast SEO plugin. -->","yoast_head_json":{"title":"[:nl]Yin - Massage[:en]Yin Massage[:de]Yin-massage[:] - Thai Massage in Amsterdam &amp; Berlin","description":"Yin Massage is a deeply relaxing massage of your connective tissue. It takes place on a mat, while wearing clothes that allow you to move comfortably.","robots":{"index":"index","follow":"follow","max-snippet":"max-snippet:-1","max-image-preview":"max-image-preview:large","max-video-preview":"max-video-preview:-1"},"canonical":"https:\/\/www.mischamassage.nl\/yin-massage\/","og_locale":"de_DE","og_type":"article","og_title":"[:nl]Yin - Massage[:en]Yin Massage[:de]Yin-massage[:] - Thai Massage in Amsterdam &amp; Berlin","og_description":"Yin Massage is a deeply relaxing massage of your connective tissue. It takes place on a mat, while wearing clothes that allow you to move comfortably.","og_url":"https:\/\/www.mischamassage.nl\/yin-massage\/","og_site_name":"Thai Massage in Amsterdam &amp; Berlin","article_publisher":"https:\/\/www.facebook.com\/Mischa-Massage-Amsterdam-1423383434596678\/","article_modified_time":"2025-07-11T21:30:53+00:00","twitter_card":"summary_large_image","twitter_misc":{"Gesch\u00e4tzte Lesezeit":"5\u00a0Minuten"},"schema":{"@context":"https:\/\/schema.org","@graph":[{"@type":"WebPage","@id":"https:\/\/www.mischamassage.nl\/yin-massage\/","url":"https:\/\/www.mischamassage.nl\/yin-massage\/","name":"[:nl]Yin - Massage[:en]Yin Massage[:de]Yin-massage[:] - Thai Massage in Amsterdam &amp; Berlin","isPartOf":{"@id":"https:\/\/www.mischamassage.nl\/#website"},"datePublished":"2024-11-19T22:11:53+00:00","dateModified":"2025-07-11T21:30:53+00:00","description":"Yin Massage is a deeply relaxing massage of your connective tissue. It takes place on a mat, while wearing clothes that allow you to move comfortably.","breadcrumb":{"@id":"https:\/\/www.mischamassage.nl\/yin-massage\/#breadcrumb"},"inLanguage":"de","potentialAction":[{"@type":"ReadAction","target":["https:\/\/www.mischamassage.nl\/yin-massage\/"]}]},{"@type":"BreadcrumbList","@id":"https:\/\/www.mischamassage.nl\/yin-massage\/#breadcrumb","itemListElement":[{"@type":"ListItem","position":1,"name":"Home","item":"https:\/\/www.mischamassage.nl\/"},{"@type":"ListItem","position":2,"name":"[:nl]Yin &#8211; Massage[:en]Yin Massage[:de]Yin-massage[:]"}]},{"@type":"WebSite","@id":"https:\/\/www.mischamassage.nl\/#website","url":"https:\/\/www.mischamassage.nl\/","name":"Thai Massage in Amsterdam &amp; Berlin","description":"Mischa van Dullemen","publisher":{"@id":"https:\/\/www.mischamassage.nl\/#organization"},"potentialAction":[{"@type":"SearchAction","target":{"@type":"EntryPoint","urlTemplate":"https:\/\/www.mischamassage.nl\/?s={search_term_string}"},"query-input":{"@type":"PropertyValueSpecification","valueRequired":true,"valueName":"search_term_string"}}],"inLanguage":"de"},{"@type":"Organization","@id":"https:\/\/www.mischamassage.nl\/#organization","name":"www.thaisemassageamsterdam.nu","url":"https:\/\/www.mischamassage.nl\/","logo":{"@type":"ImageObject","inLanguage":"de","@id":"https:\/\/www.mischamassage.nl\/#\/schema\/logo\/image\/","url":"https:\/\/www.mischamassage.nl\/wp-content\/uploads\/2014\/04\/om-waters.jpg","contentUrl":"https:\/\/www.mischamassage.nl\/wp-content\/uploads\/2014\/04\/om-waters.jpg","width":960,"height":639,"caption":"www.thaisemassageamsterdam.nu"},"image":{"@id":"https:\/\/www.mischamassage.nl\/#\/schema\/logo\/image\/"},"sameAs":["https:\/\/www.facebook.com\/Mischa-Massage-Amsterdam-1423383434596678\/"]}]}},"_links":{"self":[{"href":"https:\/\/www.mischamassage.nl\/de\/wp-json\/wp\/v2\/pages\/2209","targetHints":{"allow":["GET"]}}],"collection":[{"href":"https:\/\/www.mischamassage.nl\/de\/wp-json\/wp\/v2\/pages"}],"about":[{"href":"https:\/\/www.mischamassage.nl\/de\/wp-json\/wp\/v2\/types\/page"}],"author":[{"embeddable":true,"href":"https:\/\/www.mischamassage.nl\/de\/wp-json\/wp\/v2\/users\/2"}],"replies":[{"embeddable":true,"href":"https:\/\/www.mischamassage.nl\/de\/wp-json\/wp\/v2\/comments?post=2209"}],"version-history":[{"count":9,"href":"https:\/\/www.mischamassage.nl\/de\/wp-json\/wp\/v2\/pages\/2209\/revisions"}],"predecessor-version":[{"id":2224,"href":"https:\/\/www.mischamassage.nl\/de\/wp-json\/wp\/v2\/pages\/2209\/revisions\/2224"}],"wp:attachment":[{"href":"https:\/\/www.mischamassage.nl\/de\/wp-json\/wp\/v2\/media?parent=2209"}],"curies":[{"name":"wp","href":"https:\/\/api.w.org\/{rel}","templated":true}]}}