{"id":189,"date":"2014-05-13T18:11:38","date_gmt":"2014-05-13T18:11:38","guid":{"rendered":"http:\/\/localhost\/?page_id=189"},"modified":"2024-11-15T23:19:18","modified_gmt":"2024-11-15T22:19:18","slug":"thaise-yoga-massage","status":"publish","type":"page","link":"https:\/\/www.mischamassage.nl\/de\/","title":{"rendered":"Thai Yoga Massage"},"content":{"rendered":"<p><\/p>\n\n\n<figure class=\"wp-block-image size-large\"><a href=\"https:\/\/www.mischamassage.nl\/wp-content\/uploads\/2018\/10\/kleinere-versie-om-waters-2.jpeg\"><img loading=\"lazy\" decoding=\"async\" width=\"634\" height=\"399\" src=\"https:\/\/www.mischamassage.nl\/wp-content\/uploads\/2018\/10\/kleinere-versie-om-waters-2.jpeg\" alt=\"thai massage\" class=\"wp-image-690\" srcset=\"https:\/\/www.mischamassage.nl\/wp-content\/uploads\/2018\/10\/kleinere-versie-om-waters-2.jpeg 634w, https:\/\/www.mischamassage.nl\/wp-content\/uploads\/2018\/10\/kleinere-versie-om-waters-2-300x189.jpeg 300w\" sizes=\"auto, (max-width: 634px) 100vw, 634px\" \/><\/a><\/figure>\n\n\n\n<p>Thai Yoga Massage bietet tiefe Entspannung und f\u00f6rdert Ihre allgemeine Gesundheit und Ihr Wohlbefinden, indem sie die&nbsp;Selbstheilende F\u00e4higkeiten des K\u00f6rpers stimuliert.<\/p>\n\n\n\n<p>Sie liegen in bequemer Kleidung auf einem Futon, w\u00e4hrend ich Sie in verschiedenen Positionen massiere und dehne. In einem ruhigen Tempo \u00fcbe ich sanften, aber festen Druck auf Ihre Muskeln, Ihr Bindegewebe und Ihre Energielinien aus mit meinen H\u00e4nden, F\u00fc\u00dfen, Ellenbogen oder Knien. Dies wirkt tief entspannend, sowohl geistig als auch k\u00f6rperlich. Dadurch k\u00f6nnen sich verh\u00e4rtete Stellen im K\u00f6rper lockern, nerv\u00f6se Spannungen l\u00f6sen und die Flexibilit\u00e4t verbessern.&nbsp;Es entsteht mehr Raum zum Atmen, Schmerzen k\u00f6nnen nachlassen und Sie sp\u00fcren, wie Ihre Energie wieder flie\u00dft.<\/p>\n\n\n\n<p>Thai Massage hat den Ruf, hart und schmerzhaft zu sein. Ich werde jedoch in Absprache mit Ihnen die Massage an Ihre W\u00fcnsche und M\u00f6glichkeiten anpassen.                                                                 <\/p>\n\n\n\n<p><\/p>","protected":false},"excerpt":{"rendered":"<p>Thai Yoga Massage bietet tiefe Entspannung und f\u00f6rdert Ihre allgemeine Gesundheit und Ihr Wohlbefinden, indem sie die&nbsp;Selbstheilende F\u00e4higkeiten des K\u00f6rpers stimuliert. Sie liegen in bequemer Kleidung auf einem Futon, w\u00e4hrend ich Sie in verschiedenen Positionen massiere und dehne. In einem ruhigen Tempo \u00fcbe ich sanften, aber festen Druck auf Ihre Muskeln, Ihr Bindegewebe und Ihre &hellip; <a href=\"https:\/\/www.mischamassage.nl\/de\/\" class=\"more-link\"><span class=\"screen-reader-text\">Thai Yoga Massage<\/span> weiterlesen <span class=\"meta-nav\">&rarr;<\/span><\/a><\/p>\n","protected":false},"author":2,"featured_media":0,"parent":0,"menu_order":0,"comment_status":"closed","ping_status":"closed","template":"","meta":{"footnotes":""},"class_list":["post-189","page","type-page","status-publish","hentry"],"yoast_head":"<!-- This site is optimized with the Yoast SEO plugin v27.4 - https:\/\/yoast.com\/product\/yoast-seo-wordpress\/ -->\n<title>Thai Yoga Massage Amsterdam<\/title>\n<meta name=\"description\" content=\"Thaise Yoga Massage brengt diepe ontspanning en bevordert je gezondheid. Ik pas de massage aan jouw behoeftes en mogelijkheden aan.\" \/>\n<meta name=\"robots\" content=\"index, follow, max-snippet:-1, max-image-preview:large, max-video-preview:-1\" \/>\n<link rel=\"canonical\" href=\"https:\/\/www.mischamassage.nl\/\" \/>\n<meta property=\"og:locale\" content=\"de_DE\" \/>\n<meta property=\"og:type\" content=\"article\" \/>\n<meta property=\"og:title\" content=\"Thai Yoga Massage Amsterdam\" \/>\n<meta property=\"og:description\" content=\"Thaise Yoga Massage brengt diepe ontspanning en bevordert je gezondheid. Ik pas de massage aan jouw behoeftes en mogelijkheden aan.\" \/>\n<meta property=\"og:url\" content=\"https:\/\/www.mischamassage.nl\/\" \/>\n<meta property=\"og:site_name\" content=\"Thai Massage in Amsterdam &amp; Berlin\" \/>\n<meta property=\"article:publisher\" content=\"https:\/\/www.facebook.com\/Mischa-Massage-Amsterdam-1423383434596678\/\" \/>\n<meta property=\"article:modified_time\" content=\"2024-11-15T22:19:18+00:00\" \/>\n<meta property=\"og:image\" content=\"http:\/\/www.mischamassage.nl\/wp-content\/uploads\/2018\/11\/om-waters.jpg\" \/>\n<meta name=\"twitter:card\" content=\"summary_large_image\" \/>\n<meta name=\"twitter:label1\" content=\"Gesch\u00e4tzte Lesezeit\" \/>\n\t<meta name=\"twitter:data1\" content=\"3\u00a0Minuten\" \/>\n<script type=\"application\/ld+json\" class=\"yoast-schema-graph\">{\"@context\":\"https:\\\/\\\/schema.org\",\"@graph\":[{\"@type\":\"WebPage\",\"@id\":\"https:\\\/\\\/www.mischamassage.nl\\\/\",\"url\":\"https:\\\/\\\/www.mischamassage.nl\\\/\",\"name\":\"Thai Yoga Massage Amsterdam\",\"isPartOf\":{\"@id\":\"https:\\\/\\\/www.mischamassage.nl\\\/#website\"},\"primaryImageOfPage\":{\"@id\":\"https:\\\/\\\/www.mischamassage.nl\\\/#primaryimage\"},\"image\":{\"@id\":\"https:\\\/\\\/www.mischamassage.nl\\\/#primaryimage\"},\"thumbnailUrl\":\"http:\\\/\\\/www.mischamassage.nl\\\/wp-content\\\/uploads\\\/2018\\\/11\\\/om-waters.jpg\",\"datePublished\":\"2014-05-13T18:11:38+00:00\",\"dateModified\":\"2024-11-15T22:19:18+00:00\",\"description\":\"Thaise Yoga Massage brengt diepe ontspanning en bevordert je gezondheid. Ik pas de massage aan jouw behoeftes en mogelijkheden aan.\",\"breadcrumb\":{\"@id\":\"https:\\\/\\\/www.mischamassage.nl\\\/#breadcrumb\"},\"inLanguage\":\"de\",\"potentialAction\":[{\"@type\":\"ReadAction\",\"target\":[\"https:\\\/\\\/www.mischamassage.nl\\\/\"]}]},{\"@type\":\"ImageObject\",\"inLanguage\":\"de\",\"@id\":\"https:\\\/\\\/www.mischamassage.nl\\\/#primaryimage\",\"url\":\"http:\\\/\\\/www.mischamassage.nl\\\/wp-content\\\/uploads\\\/2018\\\/11\\\/om-waters.jpg\",\"contentUrl\":\"http:\\\/\\\/www.mischamassage.nl\\\/wp-content\\\/uploads\\\/2018\\\/11\\\/om-waters.jpg\"},{\"@type\":\"BreadcrumbList\",\"@id\":\"https:\\\/\\\/www.mischamassage.nl\\\/#breadcrumb\",\"itemListElement\":[{\"@type\":\"ListItem\",\"position\":1,\"name\":\"Home\",\"item\":\"https:\\\/\\\/www.mischamassage.nl\\\/\"},{\"@type\":\"ListItem\",\"position\":2,\"name\":\"Thaise Yoga Massage\"}]},{\"@type\":\"WebSite\",\"@id\":\"https:\\\/\\\/www.mischamassage.nl\\\/#website\",\"url\":\"https:\\\/\\\/www.mischamassage.nl\\\/\",\"name\":\"Thai Massage in Amsterdam &amp; Berlin\",\"description\":\"Mischa van Dullemen\",\"publisher\":{\"@id\":\"https:\\\/\\\/www.mischamassage.nl\\\/#organization\"},\"potentialAction\":[{\"@type\":\"SearchAction\",\"target\":{\"@type\":\"EntryPoint\",\"urlTemplate\":\"https:\\\/\\\/www.mischamassage.nl\\\/?s={search_term_string}\"},\"query-input\":{\"@type\":\"PropertyValueSpecification\",\"valueRequired\":true,\"valueName\":\"search_term_string\"}}],\"inLanguage\":\"de\"},{\"@type\":\"Organization\",\"@id\":\"https:\\\/\\\/www.mischamassage.nl\\\/#organization\",\"name\":\"www.thaisemassageamsterdam.nu\",\"url\":\"https:\\\/\\\/www.mischamassage.nl\\\/\",\"logo\":{\"@type\":\"ImageObject\",\"inLanguage\":\"de\",\"@id\":\"https:\\\/\\\/www.mischamassage.nl\\\/#\\\/schema\\\/logo\\\/image\\\/\",\"url\":\"https:\\\/\\\/www.mischamassage.nl\\\/wp-content\\\/uploads\\\/2014\\\/04\\\/om-waters.jpg\",\"contentUrl\":\"https:\\\/\\\/www.mischamassage.nl\\\/wp-content\\\/uploads\\\/2014\\\/04\\\/om-waters.jpg\",\"width\":960,\"height\":639,\"caption\":\"www.thaisemassageamsterdam.nu\"},\"image\":{\"@id\":\"https:\\\/\\\/www.mischamassage.nl\\\/#\\\/schema\\\/logo\\\/image\\\/\"},\"sameAs\":[\"https:\\\/\\\/www.facebook.com\\\/Mischa-Massage-Amsterdam-1423383434596678\\\/\"]}]}<\/script>\n<!-- \/ Yoast SEO plugin. -->","yoast_head_json":{"title":"Thai Yoga Massage Amsterdam","description":"Thaise Yoga Massage brengt diepe ontspanning en bevordert je gezondheid. Ik pas de massage aan jouw behoeftes en mogelijkheden aan.","robots":{"index":"index","follow":"follow","max-snippet":"max-snippet:-1","max-image-preview":"max-image-preview:large","max-video-preview":"max-video-preview:-1"},"canonical":"https:\/\/www.mischamassage.nl\/","og_locale":"de_DE","og_type":"article","og_title":"Thai Yoga Massage Amsterdam","og_description":"Thaise Yoga Massage brengt diepe ontspanning en bevordert je gezondheid. Ik pas de massage aan jouw behoeftes en mogelijkheden aan.","og_url":"https:\/\/www.mischamassage.nl\/","og_site_name":"Thai Massage in Amsterdam &amp; Berlin","article_publisher":"https:\/\/www.facebook.com\/Mischa-Massage-Amsterdam-1423383434596678\/","article_modified_time":"2024-11-15T22:19:18+00:00","og_image":[{"url":"http:\/\/www.mischamassage.nl\/wp-content\/uploads\/2018\/11\/om-waters.jpg","type":"","width":"","height":""}],"twitter_card":"summary_large_image","twitter_misc":{"Gesch\u00e4tzte Lesezeit":"3\u00a0Minuten"},"schema":{"@context":"https:\/\/schema.org","@graph":[{"@type":"WebPage","@id":"https:\/\/www.mischamassage.nl\/","url":"https:\/\/www.mischamassage.nl\/","name":"Thai Yoga Massage Amsterdam","isPartOf":{"@id":"https:\/\/www.mischamassage.nl\/#website"},"primaryImageOfPage":{"@id":"https:\/\/www.mischamassage.nl\/#primaryimage"},"image":{"@id":"https:\/\/www.mischamassage.nl\/#primaryimage"},"thumbnailUrl":"http:\/\/www.mischamassage.nl\/wp-content\/uploads\/2018\/11\/om-waters.jpg","datePublished":"2014-05-13T18:11:38+00:00","dateModified":"2024-11-15T22:19:18+00:00","description":"Thaise Yoga Massage brengt diepe ontspanning en bevordert je gezondheid. Ik pas de massage aan jouw behoeftes en mogelijkheden aan.","breadcrumb":{"@id":"https:\/\/www.mischamassage.nl\/#breadcrumb"},"inLanguage":"de","potentialAction":[{"@type":"ReadAction","target":["https:\/\/www.mischamassage.nl\/"]}]},{"@type":"ImageObject","inLanguage":"de","@id":"https:\/\/www.mischamassage.nl\/#primaryimage","url":"http:\/\/www.mischamassage.nl\/wp-content\/uploads\/2018\/11\/om-waters.jpg","contentUrl":"http:\/\/www.mischamassage.nl\/wp-content\/uploads\/2018\/11\/om-waters.jpg"},{"@type":"BreadcrumbList","@id":"https:\/\/www.mischamassage.nl\/#breadcrumb","itemListElement":[{"@type":"ListItem","position":1,"name":"Home","item":"https:\/\/www.mischamassage.nl\/"},{"@type":"ListItem","position":2,"name":"Thaise Yoga Massage"}]},{"@type":"WebSite","@id":"https:\/\/www.mischamassage.nl\/#website","url":"https:\/\/www.mischamassage.nl\/","name":"Thai Massage in Amsterdam &amp; Berlin","description":"Mischa van Dullemen","publisher":{"@id":"https:\/\/www.mischamassage.nl\/#organization"},"potentialAction":[{"@type":"SearchAction","target":{"@type":"EntryPoint","urlTemplate":"https:\/\/www.mischamassage.nl\/?s={search_term_string}"},"query-input":{"@type":"PropertyValueSpecification","valueRequired":true,"valueName":"search_term_string"}}],"inLanguage":"de"},{"@type":"Organization","@id":"https:\/\/www.mischamassage.nl\/#organization","name":"www.thaisemassageamsterdam.nu","url":"https:\/\/www.mischamassage.nl\/","logo":{"@type":"ImageObject","inLanguage":"de","@id":"https:\/\/www.mischamassage.nl\/#\/schema\/logo\/image\/","url":"https:\/\/www.mischamassage.nl\/wp-content\/uploads\/2014\/04\/om-waters.jpg","contentUrl":"https:\/\/www.mischamassage.nl\/wp-content\/uploads\/2014\/04\/om-waters.jpg","width":960,"height":639,"caption":"www.thaisemassageamsterdam.nu"},"image":{"@id":"https:\/\/www.mischamassage.nl\/#\/schema\/logo\/image\/"},"sameAs":["https:\/\/www.facebook.com\/Mischa-Massage-Amsterdam-1423383434596678\/"]}]}},"_links":{"self":[{"href":"https:\/\/www.mischamassage.nl\/de\/wp-json\/wp\/v2\/pages\/189","targetHints":{"allow":["GET"]}}],"collection":[{"href":"https:\/\/www.mischamassage.nl\/de\/wp-json\/wp\/v2\/pages"}],"about":[{"href":"https:\/\/www.mischamassage.nl\/de\/wp-json\/wp\/v2\/types\/page"}],"author":[{"embeddable":true,"href":"https:\/\/www.mischamassage.nl\/de\/wp-json\/wp\/v2\/users\/2"}],"replies":[{"embeddable":true,"href":"https:\/\/www.mischamassage.nl\/de\/wp-json\/wp\/v2\/comments?post=189"}],"version-history":[{"count":123,"href":"https:\/\/www.mischamassage.nl\/de\/wp-json\/wp\/v2\/pages\/189\/revisions"}],"predecessor-version":[{"id":2206,"href":"https:\/\/www.mischamassage.nl\/de\/wp-json\/wp\/v2\/pages\/189\/revisions\/2206"}],"wp:attachment":[{"href":"https:\/\/www.mischamassage.nl\/de\/wp-json\/wp\/v2\/media?parent=189"}],"curies":[{"name":"wp","href":"https:\/\/api.w.org\/{rel}","templated":true}]}}